{"id":27397656,"date":"2025-08-28T06:23:39","date_gmt":"2025-08-28T06:23:39","guid":{"rendered":"https:\/\/theagent.com\/politique-de-confidentialite\/"},"modified":"2025-12-03T10:11:28","modified_gmt":"2025-12-03T10:11:28","slug":"politique-de-confidentialite","status":"publish","type":"page","link":"https:\/\/theagent.com\/fr\/politique-de-confidentialite\/","title":{"rendered":"Politique de confidentialit\u00e9"},"content":{"rendered":"<p>[et_pb_section fb_built=\u00a0\u00bb1&Prime; _builder_version=\u00a0\u00bb4.27.4&Prime; _module_preset=\u00a0\u00bbdefault\u00a0\u00bb background_color=\u00a0\u00bb#22333B\u00a0\u00bb custom_padding=\u00a0\u00bb||19px|||\u00a0\u00bb da_disable_devices=\u00a0\u00bboff|off|off\u00a0\u00bb global_colors_info=\u00a0\u00bb{}\u00a0\u00bb da_is_popup=\u00a0\u00bboff\u00a0\u00bb da_exit_intent=\u00a0\u00bboff\u00a0\u00bb da_has_close=\u00a0\u00bbon\u00a0\u00bb da_alt_close=\u00a0\u00bboff\u00a0\u00bb da_dark_close=\u00a0\u00bboff\u00a0\u00bb da_not_modal=\u00a0\u00bbon\u00a0\u00bb da_is_singular=\u00a0\u00bboff\u00a0\u00bb da_with_loader=\u00a0\u00bboff\u00a0\u00bb da_has_shadow=\u00a0\u00bbon\u00a0\u00bb][et_pb_row _builder_version=\u00a0\u00bb4.27.4&Prime; _module_preset=\u00a0\u00bbdefault\u00a0\u00bb custom_margin=\u00a0\u00bb100px||80px||false|false\u00a0\u00bb global_colors_info=\u00a0\u00bb{}\u00a0\u00bb][et_pb_column type=\u00a0\u00bb4_4&Prime; _builder_version=\u00a0\u00bb4.27.4&Prime; _module_preset=\u00a0\u00bbdefault\u00a0\u00bb global_colors_info=\u00a0\u00bb{}\u00a0\u00bb][et_pb_text _builder_version=\u00a0\u00bb4.27.4&Prime; _module_preset=\u00a0\u00bbdefault\u00a0\u00bb header_font=\u00a0\u00bb|600|||||||\u00a0\u00bb header_text_color=\u00a0\u00bb#FFFFFF\u00a0\u00bb global_colors_info=\u00a0\u00bb{}\u00a0\u00bb]<\/p>\n<h1>Politique de confidentialit\u00e9<\/h1>\n<p>[\/et_pb_text][\/et_pb_column][\/et_pb_row][\/et_pb_section][et_pb_section fb_built=\u00a0\u00bb1&Prime; _builder_version=\u00a0\u00bb4.27.4&Prime; _module_preset=\u00a0\u00bbdefault\u00a0\u00bb da_disable_devices=\u00a0\u00bboff|off|off\u00a0\u00bb global_colors_info=\u00a0\u00bb{}\u00a0\u00bb da_is_popup=\u00a0\u00bboff\u00a0\u00bb da_exit_intent=\u00a0\u00bboff\u00a0\u00bb da_has_close=\u00a0\u00bbon\u00a0\u00bb da_alt_close=\u00a0\u00bboff\u00a0\u00bb da_dark_close=\u00a0\u00bboff\u00a0\u00bb da_not_modal=\u00a0\u00bbon\u00a0\u00bb da_is_singular=\u00a0\u00bboff\u00a0\u00bb da_with_loader=\u00a0\u00bboff\u00a0\u00bb da_has_shadow=\u00a0\u00bbon\u00a0\u00bb][et_pb_row _builder_version=\u00a0\u00bb4.27.4&Prime; _module_preset=\u00a0\u00bbdefault\u00a0\u00bb global_colors_info=\u00a0\u00bb{}\u00a0\u00bb][et_pb_column type=\u00a0\u00bb4_4&Prime; _builder_version=\u00a0\u00bb4.27.4&Prime; _module_preset=\u00a0\u00bbdefault\u00a0\u00bb global_colors_info=\u00a0\u00bb{}\u00a0\u00bb][et_pb_text _builder_version=\u00a0\u00bb4.27.4&Prime; _module_preset=\u00a0\u00bbdefault\u00a0\u00bb global_colors_info=\u00a0\u00bb{}\u00a0\u00bb]<\/p>\n<h2>ARTICLE 1 : pr\u00e9ambule<\/h2>\n<p>La pr\u00e9sente politique de confidentialit\u00e9 a pour but d&rsquo;informer les utilisateurs du site web sur la mani\u00e8re dont leurs donn\u00e9es personnelles sont collect\u00e9es. Les donn\u00e9es personnelles sont consid\u00e9r\u00e9es comme toute information permettant d&rsquo;identifier un utilisateur. Cela peut inclure : leurs noms et pr\u00e9noms, leur \u00e2ge, leur adresse postale ou \u00e9lectronique, leur localisation ou leur adresse IP (liste non exhaustive) ;<br \/>Leurs droits concernant ces donn\u00e9es ;<br \/>La personne responsable du traitement des donn\u00e9es personnelles collect\u00e9es et trait\u00e9es ;<br \/>Les destinataires de ces donn\u00e9es personnelles ;<br \/>La politique du site web en mati\u00e8re de cookies.<br \/>Cette politique compl\u00e8te les mentions l\u00e9gales et les conditions g\u00e9n\u00e9rales d&rsquo;utilisation, que les utilisateurs peuvent consulter \u00e0 l&rsquo;adresse suivante : https:\/\/www.theagent.com\/fr\/terms.php  <\/p>\n<p>Traduit avec DeepL.com (version gratuite)<\/p>\n<p>&nbsp;<\/p>\n<h2 class=\"privacy-policy__bold-text\">ARTICLE 2 : Principes relatifs \u00e0 la collecte et au traitement des donn\u00e9es \u00e0 caract\u00e8re personnel<\/h2>\n<p>&nbsp;<\/p>\n<p>Conform\u00e9ment \u00e0 l&rsquo;article 5 du r\u00e8glement europ\u00e9en 2016\/679, les donn\u00e9es \u00e0 caract\u00e8re personnel sont :<\/p>\n<p>Trait\u00e9es de mani\u00e8re licite, loyale et transparente au regard de la personne concern\u00e9e ;<br \/>Collect\u00e9es pour des finalit\u00e9s d\u00e9termin\u00e9es, explicites et l\u00e9gitimes (voir article 3.1 ci-apr\u00e8s) et ne pas \u00eatre trait\u00e9es ult\u00e9rieurement d&rsquo;une mani\u00e8re incompatible avec ces finalit\u00e9s ;<br \/>Ad\u00e9quates, pertinentes et limit\u00e9es \u00e0 ce qui est n\u00e9cessaire au regard des finalit\u00e9s pour lesquelles elles sont trait\u00e9es ;<br \/>Exactes et, si n\u00e9cessaire, tenues \u00e0 jour. Toutes les mesures raisonnables doivent \u00eatre prises pour garantir que les donn\u00e9es \u00e0 caract\u00e8re personnel qui sont inexactes, au regard des finalit\u00e9s pour lesquelles elles sont trait\u00e9es, soient effac\u00e9es ou rectifi\u00e9es sans d\u00e9lai ;<br \/>Conserv\u00e9es sous une forme permettant l&rsquo;identification des personnes concern\u00e9es pendant une dur\u00e9e n&rsquo;exc\u00e9dant pas celle n\u00e9cessaire au regard des finalit\u00e9s pour lesquelles elles sont trait\u00e9es ;<br \/>Trait\u00e9es de mani\u00e8re \u00e0 garantir une s\u00e9curit\u00e9 appropri\u00e9e des donn\u00e9es collect\u00e9es, y compris la protection contre le traitement non autoris\u00e9 ou illicite et contre la perte, la destruction ou les dommages accidentels, \u00e0 l&rsquo;aide de mesures techniques ou organisationnelles appropri\u00e9es. <\/p>\n<p>&nbsp;<\/p>\n<p class=\"privacy-policy__standart-text\">Le traitement n&rsquo;est licite que si, et dans la mesure o\u00f9, au moins l&rsquo;une des conditions suivantes est remplie :<\/p>\n<ul>\n<li>La personne concern\u00e9e a consenti au traitement de ses donn\u00e9es \u00e0 caract\u00e8re personnel pour une ou plusieurs finalit\u00e9s sp\u00e9cifiques ;<\/li>\n<li>Le traitement est n\u00e9cessaire \u00e0 l&rsquo;ex\u00e9cution d&rsquo;un contrat auquel la personne concern\u00e9e est partie ou \u00e0 l&rsquo;ex\u00e9cution de mesures pr\u00e9contractuelles prises \u00e0 la demande de celle-ci ;<\/li>\n<li>Le traitement est n\u00e9cessaire au respect d&rsquo;une obligation l\u00e9gale \u00e0 laquelle le responsable du traitement est soumis ;<\/li>\n<li>Le traitement est n\u00e9cessaire afin de prot\u00e9ger les int\u00e9r\u00eats vitaux de la personne concern\u00e9e ou d&rsquo;une autre personne physique ;<\/li>\n<li>Processing is necessary for the performance of a task carried out in the public interest or in the exercise of official authority vested in the controller;<\/li>\n<li>Le traitement est n\u00e9cessaire aux fins des int\u00e9r\u00eats l\u00e9gitimes poursuivis par le responsable du traitement ou par un tiers, sauf lorsque les int\u00e9r\u00eats ou les droits et libert\u00e9s fondamentaux de la personne concern\u00e9e qui exigent la protection des donn\u00e9es \u00e0 caract\u00e8re personnel l&#8217;emportent sur ces int\u00e9r\u00eats, en particulier lorsque la personne concern\u00e9e est un enfant.<\/li>\n<\/ul>\n<p>&nbsp;<\/p>\n<h2 class=\"privacy-policy__bold-text\">ARTICLE 3 : donn\u00e9es collect\u00e9e et trait\u00e9e dans le cadre de la navigation sur le site<\/h2>\n<p>Politique en mati\u00e8re de cookies<br \/>Deux types de cookies sont stock\u00e9s sur www.theagent.com :<\/p>\n<p>Cookies internes n\u00e9cessaires au fonctionnement du site<br \/>Ces cookies permettent au site de fonctionner de mani\u00e8re optimale. Vous pouvez les refuser et les supprimer \u00e0 l&rsquo;aide des param\u00e8tres de votre navigateur, mais votre exp\u00e9rience utilisateur pourrait s&rsquo;en trouver d\u00e9grad\u00e9e. <\/p>\n<p class=\"privacy-policy__standart-text\">\n<table>\n<tbody>\n<tr>\n<th>Nom du cookie<\/th>\n<th>Finalit\u00e9<\/th>\n<th>Dur\u00e9e de conservation<\/th>\n<\/tr>\n<tr>\n<td>Consentement aux cookies<\/td>\n<td>Enregistrement des choix relatifs au consentement aux cookies<\/td>\n<td>12 mois<\/td>\n<\/tr>\n<tr>\n<td>rc::a<br \/>rc::c<\/td>\n<td>Google reCAPTCHA. Allows you to distinguish whether the user is a human or a robot. <\/td>\n<td>Persistant<br \/>session<\/td>\n<\/tr>\n<\/tbody>\n<\/table>\n<p>&nbsp;<\/p>\n<p class=\"privacy-policy__standart-text\"><span class=\"text--thick\">Cookies de mesure d&rsquo;audience<br \/>Afin de mieux vous servir et d&rsquo;am\u00e9liorer l&rsquo;exp\u00e9rience utilisateur sur notre site, nous mesurons son audience \u00e0 l&rsquo;aide d&rsquo;une solution qui utilise la technologie des cookies. Les donn\u00e9es collect\u00e9es sont utilis\u00e9es uniquement pour fournir des donn\u00e9es statistiques anonymes sur le trafic (nombre de pages consult\u00e9es, nombre de visites, fr\u00e9quence des visites, etc.). <\/span><\/p>\n<p class=\"privacy-policy__standart-text\">\n<table>\n<tbody>\n<tr>\n<th>Nom du cookie<\/th>\n<th>Finalit\u00e9<\/th>\n<th>Dur\u00e9e de conservation<\/th>\n<\/tr>\n<tr>\n<td>_gid<br \/>_ga<br \/>_gat<br \/>Collect (type: pixel)<\/td>\n<td>\n<p>Google Analytics<\/p>\n<\/td>\n<td>1 jour<br \/>13 mois<br \/>1 jour<br \/>Session<\/td>\n<\/tr>\n<\/tbody>\n<\/table>\n<p>&nbsp;<\/p>\n<h2>ARTICLE 4 : Responsable du traitement des donn\u00e9es et d\u00e9l\u00e9gu\u00e9 \u00e0 la protection des donn\u00e9es<\/h2>\n<p>&nbsp;<\/p>\n<p>Le d\u00e9l\u00e9gu\u00e9 \u00e0 la protection des donn\u00e9es de l&rsquo;entreprise ou le responsable du traitement des donn\u00e9es est :<\/p>\n<p>M. Aur\u00e9lien BRIQUET (CTO)<\/p>\n<p>Email : dpo@theagent.com<\/p>\n<p>Si, apr\u00e8s nous avoir contact\u00e9s, vous estimez que vos droits en mati\u00e8re de \u00ab Protection des donn\u00e9es \u00bb n&rsquo;ont pas \u00e9t\u00e9 respect\u00e9s, vous pouvez adresser une r\u00e9clamation \u00e0 la CNIL.<\/p>\n<p>&nbsp;<\/p>\n<h2>ARTICLE 5 : droits de l&rsquo;utilisateur concernant la collecte et le traitement des donn\u00e9es<\/h2>\n<p>&nbsp;<\/p>\n<p>Tout utilisateur concern\u00e9 par le traitement de ses donn\u00e9es personnelles peut exercer les droits suivants, conform\u00e9ment au R\u00e8glement europ\u00e9en 2016\/679 et \u00e0 la loi fran\u00e7aise sur la protection des donn\u00e9es (loi 78-17 du 6 janvier 1978) :<\/p>\n<p>Droit d&rsquo;acc\u00e8s, de rectification et d&rsquo;effacement des donn\u00e9es (articles 15, 16 et 17 du RGPD, respectivement) ;<br \/>Droit \u00e0 la portabilit\u00e9 des donn\u00e9es (article 20 du RGPD) ;<br \/>Droit \u00e0 la limitation (article 18 du RGPD) et \u00e0 l&rsquo;opposition au traitement des donn\u00e9es (article 21 du RGPD) ;<br \/>Droit de ne pas faire l&rsquo;objet d&rsquo;une d\u00e9cision fond\u00e9e exclusivement sur un traitement automatis\u00e9 ;<br \/>Droit de d\u00e9terminer le sort des donn\u00e9es apr\u00e8s la mort ;<br \/>Droit de saisir l&rsquo;autorit\u00e9 de contr\u00f4le comp\u00e9tente (article 77 du RGPD).<br \/>Pour exercer vos droits, veuillez envoyer votre courrier \u00e0 THE AGENT 231 Rue SAINT HONORE 75001 Paris ou par email \u00e0 dpo@theagent.com.<\/p>\n<p>Afin que le responsable du traitement des donn\u00e9es puisse r\u00e9pondre \u00e0 la demande, l&rsquo;utilisateur peut \u00eatre tenu de fournir certaines informations telles que : ses noms et pr\u00e9noms, son adresse \u00e9lectronique et son num\u00e9ro de compte, d&rsquo;espace personnel ou d&rsquo;abonn\u00e9.<\/p>\n<p>Consultez le site cnil.fr pour plus d&rsquo;informations sur vos droits.<\/p>\n<p>Traduit avec DeepL.com (version gratuite)<\/p>\n<p>&nbsp;<\/p>\n<h2>ARTICLE 6 : conditions de modification de la politique de confidentialit\u00e9<\/h2>\n<p>L&rsquo;\u00e9diteur du site web www.theagent.com se r\u00e9serve le droit de modifier la pr\u00e9sente politique \u00e0 tout moment afin de s&rsquo;assurer qu&rsquo;elle est conforme au droit applicable.<\/p>\n<p>Toute modification n&rsquo;affectera pas les achats effectu\u00e9s pr\u00e9c\u00e9demment sur le site web, qui restent soumis \u00e0 la politique en vigueur au moment de l&rsquo;achat et telle qu&rsquo;accept\u00e9e par l&rsquo;utilisateur lors de la confirmation de l&rsquo;achat.<\/p>\n<p>Les utilisateurs sont invit\u00e9s \u00e0 consulter la pr\u00e9sente politique chaque fois qu&rsquo;ils utilisent nos services, sans qu&rsquo;il soit n\u00e9cessaire de leur en notifier formellement.<\/p>\n<p>[\/et_pb_text][\/et_pb_column][\/et_pb_row][\/et_pb_section]<\/p>\n","protected":false},"excerpt":{"rendered":"<p>Politique de confidentialit\u00e9ARTICLE 1 : pr\u00e9ambule La pr\u00e9sente politique de confidentialit\u00e9 a pour but d&rsquo;informer les utilisateurs du site web sur la mani\u00e8re dont leurs donn\u00e9es personnelles sont collect\u00e9es. Les donn\u00e9es personnelles sont consid\u00e9r\u00e9es comme toute information permettant d&rsquo;identifier un utilisateur. Cela peut inclure : leurs noms et pr\u00e9noms, leur \u00e2ge, leur adresse postale ou [&hellip;]<\/p>\n","protected":false},"author":12,"featured_media":0,"parent":0,"menu_order":0,"comment_status":"closed","ping_status":"closed","template":"","meta":{"_et_pb_use_builder":"on","_et_pb_old_content":"","_et_gb_content_width":"","footnotes":""},"dipi_cpt_category":[],"class_list":["post-27397656","page","type-page","status-publish","hentry"],"_links":{"self":[{"href":"https:\/\/theagent.com\/fr\/wp-json\/wp\/v2\/pages\/27397656","targetHints":{"allow":["GET"]}}],"collection":[{"href":"https:\/\/theagent.com\/fr\/wp-json\/wp\/v2\/pages"}],"about":[{"href":"https:\/\/theagent.com\/fr\/wp-json\/wp\/v2\/types\/page"}],"author":[{"embeddable":true,"href":"https:\/\/theagent.com\/fr\/wp-json\/wp\/v2\/users\/12"}],"replies":[{"embeddable":true,"href":"https:\/\/theagent.com\/fr\/wp-json\/wp\/v2\/comments?post=27397656"}],"version-history":[{"count":5,"href":"https:\/\/theagent.com\/fr\/wp-json\/wp\/v2\/pages\/27397656\/revisions"}],"predecessor-version":[{"id":27398091,"href":"https:\/\/theagent.com\/fr\/wp-json\/wp\/v2\/pages\/27397656\/revisions\/27398091"}],"wp:attachment":[{"href":"https:\/\/theagent.com\/fr\/wp-json\/wp\/v2\/media?parent=27397656"}],"wp:term":[{"taxonomy":"dipi_cpt_category","embeddable":true,"href":"https:\/\/theagent.com\/fr\/wp-json\/wp\/v2\/dipi_cpt_category?post=27397656"}],"curies":[{"name":"wp","href":"https:\/\/api.w.org\/{rel}","templated":true}]}}