{"id":27397641,"date":"2025-01-21T14:37:51","date_gmt":"2025-01-21T14:37:51","guid":{"rendered":"https:\/\/theagent.com\/conditions-dutilisation\/"},"modified":"2025-12-03T10:20:43","modified_gmt":"2025-12-03T10:20:43","slug":"conditions-dutilisation","status":"publish","type":"page","link":"https:\/\/theagent.com\/fr\/conditions-dutilisation\/","title":{"rendered":"Conditions d&rsquo;utilisation"},"content":{"rendered":"<p>[et_pb_section fb_built=\u00a0\u00bb1&Prime; _builder_version=\u00a0\u00bb4.27.4&Prime; _module_preset=\u00a0\u00bbdefault\u00a0\u00bb background_color=\u00a0\u00bb#22333B\u00a0\u00bb custom_padding=\u00a0\u00bb||19px|||\u00a0\u00bb da_disable_devices=\u00a0\u00bboff|off|off\u00a0\u00bb global_colors_info=\u00a0\u00bb{}\u00a0\u00bb locked=\u00a0\u00bboff\u00a0\u00bb theme_builder_area=\u00a0\u00bbpost_content\u00a0\u00bb da_is_popup=\u00a0\u00bboff\u00a0\u00bb da_exit_intent=\u00a0\u00bboff\u00a0\u00bb da_has_close=\u00a0\u00bbon\u00a0\u00bb da_alt_close=\u00a0\u00bboff\u00a0\u00bb da_dark_close=\u00a0\u00bboff\u00a0\u00bb da_not_modal=\u00a0\u00bbon\u00a0\u00bb da_is_singular=\u00a0\u00bboff\u00a0\u00bb da_with_loader=\u00a0\u00bboff\u00a0\u00bb da_has_shadow=\u00a0\u00bbon\u00a0\u00bb][et_pb_row _builder_version=\u00a0\u00bb4.27.4&Prime; _module_preset=\u00a0\u00bbdefault\u00a0\u00bb custom_margin=\u00a0\u00bb100px||80px||false|false\u00a0\u00bb global_colors_info=\u00a0\u00bb{}\u00a0\u00bb theme_builder_area=\u00a0\u00bbpost_content\u00a0\u00bb][et_pb_column type=\u00a0\u00bb4_4&Prime; _builder_version=\u00a0\u00bb4.27.4&Prime; _module_preset=\u00a0\u00bbdefault\u00a0\u00bb global_colors_info=\u00a0\u00bb{}\u00a0\u00bb theme_builder_area=\u00a0\u00bbpost_content\u00a0\u00bb][et_pb_text _builder_version=\u00a0\u00bb4.27.4&Prime; _module_preset=\u00a0\u00bbdefault\u00a0\u00bb header_font=\u00a0\u00bb|600|||||||\u00a0\u00bb header_text_color=\u00a0\u00bb#FFFFFF\u00a0\u00bb hover_enabled=\u00a0\u00bb0&Prime; global_colors_info=\u00a0\u00bb{}\u00a0\u00bb theme_builder_area=\u00a0\u00bbpost_content\u00a0\u00bb sticky_enabled=\u00a0\u00bb0&Prime;]<\/p>\n<h1>Conditions d&rsquo;utilisation<\/h1>\n<p>[\/et_pb_text][\/et_pb_column][\/et_pb_row][\/et_pb_section][et_pb_section fb_built=\u00a0\u00bb1&Prime; _builder_version=\u00a0\u00bb4.27.4&Prime; _module_preset=\u00a0\u00bbdefault\u00a0\u00bb da_disable_devices=\u00a0\u00bboff|off|off\u00a0\u00bb global_colors_info=\u00a0\u00bb{}\u00a0\u00bb locked=\u00a0\u00bboff\u00a0\u00bb theme_builder_area=\u00a0\u00bbpost_content\u00a0\u00bb da_is_popup=\u00a0\u00bboff\u00a0\u00bb da_exit_intent=\u00a0\u00bboff\u00a0\u00bb da_has_close=\u00a0\u00bbon\u00a0\u00bb da_alt_close=\u00a0\u00bboff\u00a0\u00bb da_dark_close=\u00a0\u00bboff\u00a0\u00bb da_not_modal=\u00a0\u00bbon\u00a0\u00bb da_is_singular=\u00a0\u00bboff\u00a0\u00bb da_with_loader=\u00a0\u00bboff\u00a0\u00bb da_has_shadow=\u00a0\u00bbon\u00a0\u00bb][et_pb_row _builder_version=\u00a0\u00bb4.27.4&Prime; _module_preset=\u00a0\u00bbdefault\u00a0\u00bb global_colors_info=\u00a0\u00bb{}\u00a0\u00bb theme_builder_area=\u00a0\u00bbpost_content\u00a0\u00bb][et_pb_column type=\u00a0\u00bb4_4&Prime; _builder_version=\u00a0\u00bb4.27.4&Prime; _module_preset=\u00a0\u00bbdefault\u00a0\u00bb global_colors_info=\u00a0\u00bb{}\u00a0\u00bb theme_builder_area=\u00a0\u00bbpost_content\u00a0\u00bb][et_pb_text _builder_version=\u00a0\u00bb4.27.4&Prime; _module_preset=\u00a0\u00bbdefault\u00a0\u00bb hover_enabled=\u00a0\u00bb0&Prime; global_colors_info=\u00a0\u00bb{}\u00a0\u00bb theme_builder_area=\u00a0\u00bbpost_content\u00a0\u00bb sticky_enabled=\u00a0\u00bb0&Prime;]<\/p>\n<p>En vigueur \u00e0 compter du 1er janvier 2023<\/p>\n<p>Les pr\u00e9sentes conditions g\u00e9n\u00e9rales d&rsquo;utilisation (ci-apr\u00e8s d\u00e9nomm\u00e9es les \u00ab&nbsp;CGU&nbsp;\u00bb) ont pour objet de d\u00e9finir le cadre juridique des conditions r\u00e9gissant la mise \u00e0 disposition du site et des services par THE AGENT et de d\u00e9finir les conditions d&rsquo;acc\u00e8s et d&rsquo;utilisation des services par l&rsquo;\u00ab&nbsp;Utilisateur&nbsp;\u00bb.<\/p>\n<p>Ces CGU sont disponibles sur le site web sous la rubrique \u00ab&nbsp;Conditions g\u00e9n\u00e9rales d&rsquo;utilisation&nbsp;\u00bb.<\/p>\n<p>&nbsp;<\/p>\n<h2>Article 1&nbsp;: mentions l\u00e9gales<\/h2>\n<p>&nbsp;<\/p>\n<p>Le site web https:\/\/www.theagent.com est \u00e9dit\u00e9 par SAS THE AGENT, au capital de 50&nbsp;000&nbsp;\u20ac, immatricul\u00e9e au Registre du commerce et des soci\u00e9t\u00e9s de Paris sous le num\u00e9ro&nbsp;893432104, dont le si\u00e8ge social est situ\u00e9 au 231&nbsp;Rue SAINT HONORE 75001&nbsp;Paris.<\/p>\n<p>Adresse \u00e9lectronique&nbsp;: contact@theagent.com.<\/p>\n<p>Le directeur de la publication est&nbsp;: Romain aymeric<\/p>\n<p>Num\u00e9ro de TVA intracommunautaire&nbsp;: FR84893432104<\/p>\n<p>Le site web https:\/\/www.theagent.com est h\u00e9berg\u00e9 par SCALEWAY, dont le si\u00e8ge social est situ\u00e9 au 8&nbsp;rue de la Ville l\u2019\u00c9v\u00eaque, 75008&nbsp;Paris.<\/p>\n<p>&nbsp;<\/p>\n<h2>ARTICLE&nbsp;2&nbsp;: acc\u00e8s au site<\/h2>\n<p>&nbsp;<\/p>\n<p>Le site https:\/\/www.theagent.com a pour objectif de fournir les informations les plus claires possibles sur les services de l&rsquo;entreprise.<\/p>\n<p>Les informations fournies sur le site web sont donn\u00e9es \u00e0 titre indicatif et sont susceptibles d&rsquo;\u00e9voluer. Elles ne sont pas exhaustives et sont donn\u00e9es sous r\u00e9serve de modifications ayant \u00e9t\u00e9 apport\u00e9es depuis leur mise en ligne. Le site est accessible gratuitement en tout lieu \u00e0 tout Utilisateur ayant un acc\u00e8s \u00e0 Internet.  <\/p>\n<p>Tous les frais support\u00e9s par l&rsquo;Utilisateur pour acc\u00e9der au service (mat\u00e9riel informatique, logiciels, connexion Internet, etc.) sont \u00e0 la charge de l&rsquo;Utilisateur.<\/p>\n<p>&nbsp;<\/p>\n<h2>ARTICLE&nbsp;3&nbsp;: collecte de donn\u00e9es<\/h2>\n<p>Le site est exempt\u00e9 de d\u00e9claration aupr\u00e8s de la Commission Nationale de l&rsquo;Informatique et des Libert\u00e9s (CNIL) dans la mesure o\u00f9 il ne collecte aucune donn\u00e9e concernant les Utilisateurs.<\/p>\n<p>&nbsp;<\/p>\n<h2>ARTICLE&nbsp;4&nbsp;: propri\u00e9t\u00e9 intellectuelle<\/h2>\n<p>&nbsp;<\/p>\n<p>Les marques, logos, signes et tous les contenus du site (textes, images, sons, etc.) sont prot\u00e9g\u00e9s par le Code de la propri\u00e9t\u00e9 intellectuelle et, plus particuli\u00e8rement, par le droit d&rsquo;auteur.<\/p>\n<p>L&rsquo;Utilisateur doit solliciter l&rsquo;autorisation pr\u00e9alable du site pour toute reproduction, publication, copie des diff\u00e9rents contenus. Il s&rsquo;engage \u00e0 utiliser les contenus du site web dans un cadre strictement priv\u00e9, toute utilisation \u00e0 des fins commerciales et publicitaires est strictement interdite. <\/p>\n<p>Toute repr\u00e9sentation totale ou partielle de ce site par quelque proc\u00e9d\u00e9 que ce soit, sans l&rsquo;autorisation expresse de l&rsquo;exploitant du site web, constituerait une contrefa\u00e7on sanctionn\u00e9e par l&rsquo;article&nbsp;L&nbsp;335-2 et suivants du Code de la propri\u00e9t\u00e9 intellectuelle. <\/p>\n<p>Conform\u00e9ment \u00e0 l&rsquo;article&nbsp;L122-5 du Code de la propri\u00e9t\u00e9 intellectuelle, l&rsquo;Utilisateur qui reproduit, copie, publie le contenu prot\u00e9g\u00e9 doit citer l&rsquo;auteur et sa source.<\/p>\n<p>&nbsp;<\/p>\n<h2>ARTICLE&nbsp;5&nbsp;: responsabilit\u00e9<\/h2>\n<p>&nbsp;<\/p>\n<p>Les sources des informations diffus\u00e9es sur le site https:\/\/www.theagent.com sont r\u00e9put\u00e9es fiables, mais le site web ne garantit pas qu&rsquo;il soit exempt de d\u00e9fauts, d&rsquo;erreurs ou d&rsquo;omissions.<\/p>\n<p>Les informations fournies le sont \u00e0 titre indicatif et g\u00e9n\u00e9ral, sans valeur contractuelle. Malgr\u00e9 des mises \u00e0 jour r\u00e9guli\u00e8res, le site web https:\/\/www.theagent.com ne peut \u00eatre tenu responsable de la modification des dispositions administratives et juridiques survenant apr\u00e8s la publication. De m\u00eame, le site web ne peut \u00eatre tenu responsable de l&rsquo;utilisation et de l&rsquo;interpr\u00e9tation des informations contenues sur ce site.  <\/p>\n<p>Le site web https:\/\/www.theagent.com ne pourra \u00eatre tenu pour responsable des virus qui pourraient infecter l&rsquo;ordinateur ou tout mat\u00e9riel informatique de l&rsquo;internaute, suite \u00e0 une utilisation, \u00e0 l&rsquo;acc\u00e8s, ou au t\u00e9l\u00e9chargement provenant de ce site.<\/p>\n<p>La responsabilit\u00e9 du site ne peut \u00eatre engag\u00e9e en cas de force majeure ou du fait impr\u00e9visible et insurmontable d&rsquo;un tiers.<\/p>\n<p>&nbsp;<\/p>\n<h2>ARTICLE&nbsp;6&nbsp;: liens hypertextes<\/h2>\n<p>Des liens hypertextes peuvent \u00eatre pr\u00e9sents sur le site. L&rsquo;Utilisateur est inform\u00e9 qu&rsquo;en cliquant sur ces liens, il est susceptible de quitter le site https:\/\/www.theagent.com. Ce dernier n&rsquo;a aucun contr\u00f4le sur les pages web sur lesquelles ces liens m\u00e8nent et ne saurait, en aucun cas, voir sa responsabilit\u00e9 engag\u00e9e quant \u00e0 leur contenu.  <\/p>\n<p>&nbsp;<\/p>\n<h2>ARTICLE&nbsp;7&nbsp;: cookies<\/h2>\n<p>L&rsquo;Utilisateur est inform\u00e9 que lors de ses visites sur le site, un cookie peut s&rsquo;installer automatiquement sur son navigateur.<\/p>\n<p>Les cookies sont de petits fichiers stock\u00e9s temporairement sur le disque dur de l&rsquo;ordinateur de l&rsquo;Utilisateur par votre navigateur et sont n\u00e9cessaires \u00e0 l&rsquo;utilisation du site https:\/\/www.theagent.com. Les cookies ne contiennent pas d&rsquo;informations personnelles et ne peuvent pas \u00eatre utilis\u00e9s pour identifier qui que ce soit. Un cookie contient un identifiant unique, g\u00e9n\u00e9r\u00e9 al\u00e9atoirement et donc anonyme. Certains cookies expirent \u00e0 la fin de la visite de l&rsquo;Utilisateur, d&rsquo;autres restent.   <\/p>\n<p>Les informations contenues dans les cookies sont utilis\u00e9es pour am\u00e9liorer le site https:\/\/www.theagent.com.<\/p>\n<p>En naviguant sur le site, l&rsquo;Utilisateur les accepte.<\/p>\n<p>Toutefois, l&rsquo;Utilisateur doit donner son consentement quant \u00e0 l&rsquo;utilisation de certains cookies.<\/p>\n<p>\u00c0 d\u00e9faut d&rsquo;acceptation de ceux-ci, l&rsquo;Utilisateur est inform\u00e9 que certaines fonctionnalit\u00e9s ou pages risquent de lui \u00eatre refus\u00e9es.<\/p>\n<p>L&rsquo;Utilisateur pourra d\u00e9sactiver ces cookies par l&rsquo;interm\u00e9diaire des param\u00e8tres figurant au sein de son logiciel de navigation.<\/p>\n<p>Une description d\u00e9taill\u00e9e est disponible dans la section Politique de confidentialit\u00e9<\/p>\n<p>&nbsp;<\/p>\n<h2>ARTICLE&nbsp;8&nbsp;: loi applicable et juridiction comp\u00e9tente<\/h2>\n<p>Le droit fran\u00e7ais s&rsquo;applique au pr\u00e9sent contrat. En cas d&rsquo;\u00e9chec de r\u00e9solution amiable d&rsquo;un litige entre les parties, les tribunaux fran\u00e7ais seront seuls comp\u00e9tents pour conna\u00eetre de l&rsquo;affaire. <\/p>\n<p>Pour toute question relative \u00e0 l&rsquo;application des pr\u00e9sentes conditions d&rsquo;utilisation, vous pouvez contacter l&rsquo;\u00e9diteur \u00e0 l&rsquo;adresse figurant \u00e0 l&rsquo;ARTICLE&nbsp;1.<\/p>\n<p>[\/et_pb_text][\/et_pb_column][\/et_pb_row][\/et_pb_section]<\/p>\n","protected":false},"excerpt":{"rendered":"<p>Conditions d&rsquo;utilisationEn vigueur \u00e0 compter du 1er janvier 2023 Les pr\u00e9sentes conditions g\u00e9n\u00e9rales d&rsquo;utilisation (ci-apr\u00e8s d\u00e9nomm\u00e9es les \u00ab&nbsp;CGU&nbsp;\u00bb) ont pour objet de d\u00e9finir le cadre juridique des conditions r\u00e9gissant la mise \u00e0 disposition du site et des services par THE AGENT et de d\u00e9finir les conditions d&rsquo;acc\u00e8s et d&rsquo;utilisation des services par l&rsquo;\u00ab&nbsp;Utilisateur&nbsp;\u00bb. Ces CGU [&hellip;]<\/p>\n","protected":false},"author":18,"featured_media":0,"parent":0,"menu_order":0,"comment_status":"closed","ping_status":"closed","template":"","meta":{"_et_pb_use_builder":"on","_et_pb_old_content":"","_et_gb_content_width":"","footnotes":""},"dipi_cpt_category":[],"class_list":["post-27397641","page","type-page","status-publish","hentry"],"_links":{"self":[{"href":"https:\/\/theagent.com\/fr\/wp-json\/wp\/v2\/pages\/27397641","targetHints":{"allow":["GET"]}}],"collection":[{"href":"https:\/\/theagent.com\/fr\/wp-json\/wp\/v2\/pages"}],"about":[{"href":"https:\/\/theagent.com\/fr\/wp-json\/wp\/v2\/types\/page"}],"author":[{"embeddable":true,"href":"https:\/\/theagent.com\/fr\/wp-json\/wp\/v2\/users\/18"}],"replies":[{"embeddable":true,"href":"https:\/\/theagent.com\/fr\/wp-json\/wp\/v2\/comments?post=27397641"}],"version-history":[{"count":10,"href":"https:\/\/theagent.com\/fr\/wp-json\/wp\/v2\/pages\/27397641\/revisions"}],"predecessor-version":[{"id":27398102,"href":"https:\/\/theagent.com\/fr\/wp-json\/wp\/v2\/pages\/27397641\/revisions\/27398102"}],"wp:attachment":[{"href":"https:\/\/theagent.com\/fr\/wp-json\/wp\/v2\/media?parent=27397641"}],"wp:term":[{"taxonomy":"dipi_cpt_category","embeddable":true,"href":"https:\/\/theagent.com\/fr\/wp-json\/wp\/v2\/dipi_cpt_category?post=27397641"}],"curies":[{"name":"wp","href":"https:\/\/api.w.org\/{rel}","templated":true}]}}